{"id":40,"date":"2022-09-14T13:48:06","date_gmt":"2022-09-14T12:48:06","guid":{"rendered":"https:\/\/orube-coffee.com\/?page_id=40"},"modified":"2022-10-07T13:28:13","modified_gmt":"2022-10-07T12:28:13","slug":"culture","status":"publish","type":"page","link":"https:\/\/orube-coffee.com\/fr\/culture\/","title":{"rendered":"Culture"},"content":{"rendered":"\t\t<div data-elementor-type=\"wp-page\" data-elementor-id=\"40\" class=\"elementor elementor-40\" data-elementor-post-type=\"page\">\n\t\t\t\t\t\t\t\t\t<section class=\"elementor-section elementor-top-section elementor-element elementor-element-ebcd4b8 elementor-section-boxed elementor-section-height-default elementor-section-height-default\" data-id=\"ebcd4b8\" data-element_type=\"section\" data-settings=\"{&quot;background_background&quot;:&quot;classic&quot;}\">\n\t\t\t\t\t\t<div class=\"elementor-container elementor-column-gap-default\">\n\t\t\t\t\t<div class=\"elementor-column elementor-col-100 elementor-top-column elementor-element elementor-element-dd7a0af\" data-id=\"dd7a0af\" data-element_type=\"column\">\n\t\t\t<div class=\"elementor-widget-wrap elementor-element-populated\">\n\t\t\t\t\t\t\t\t<section class=\"elementor-section elementor-inner-section elementor-element elementor-element-9e860d0 elementor-section-boxed elementor-section-height-default elementor-section-height-default\" data-id=\"9e860d0\" data-element_type=\"section\">\n\t\t\t\t\t\t<div class=\"elementor-container elementor-column-gap-default\">\n\t\t\t\t\t<div class=\"elementor-column elementor-col-33 elementor-inner-column elementor-element elementor-element-b1c9cbd\" data-id=\"b1c9cbd\" data-element_type=\"column\">\n\t\t\t<div class=\"elementor-widget-wrap elementor-element-populated\">\n\t\t\t\t\t\t\t\t<div class=\"elementor-element elementor-element-397ecda elementor-widget elementor-widget-text-editor\" data-id=\"397ecda\" data-element_type=\"widget\" data-widget_type=\"text-editor.default\">\n\t\t\t\t<div class=\"elementor-widget-container\">\n\t\t\t<style>\/*! elementor - v3.14.0 - 26-06-2023 *\/\n.elementor-widget-text-editor.elementor-drop-cap-view-stacked .elementor-drop-cap{background-color:#69727d;color:#fff}.elementor-widget-text-editor.elementor-drop-cap-view-framed .elementor-drop-cap{color:#69727d;border:3px solid;background-color:transparent}.elementor-widget-text-editor:not(.elementor-drop-cap-view-default) .elementor-drop-cap{margin-top:8px}.elementor-widget-text-editor:not(.elementor-drop-cap-view-default) .elementor-drop-cap-letter{width:1em;height:1em}.elementor-widget-text-editor .elementor-drop-cap{float:left;text-align:center;line-height:1;font-size:50px}.elementor-widget-text-editor .elementor-drop-cap-letter{display:inline-block}<\/style>\t\t\t\t<h1>La culture du<br \/>caf\u00e9 Orube<\/h1>\t\t\t\t\t\t<\/div>\n\t\t\t\t<\/div>\n\t\t\t\t\t<\/div>\n\t\t<\/div>\n\t\t\t\t<div class=\"elementor-column elementor-col-33 elementor-inner-column elementor-element elementor-element-1e964b1\" data-id=\"1e964b1\" data-element_type=\"column\">\n\t\t\t<div class=\"elementor-widget-wrap\">\n\t\t\t\t\t\t\t\t\t<\/div>\n\t\t<\/div>\n\t\t\t\t<div class=\"elementor-column elementor-col-33 elementor-inner-column elementor-element elementor-element-7a62f59\" data-id=\"7a62f59\" data-element_type=\"column\">\n\t\t\t<div class=\"elementor-widget-wrap elementor-element-populated\">\n\t\t\t\t\t\t\t\t<div class=\"elementor-element elementor-element-15eae3c elementor-widget elementor-widget-text-editor\" data-id=\"15eae3c\" data-element_type=\"widget\" data-widget_type=\"text-editor.default\">\n\t\t\t\t<div class=\"elementor-widget-container\">\n\t\t\t\t\t\t\t<p>Un caf\u00e9 de qualit\u00e9 est le fruit d\u2019une culture noble et m\u00e9rite tous les soins apport\u00e9s \u00e0 une production de terroir afin d\u2019offrir aux aficionados du caf\u00e9 une boisson unique et de tr\u00e8s haute qualit\u00e9.<br \/><br \/>Hormis la culture bio, qui compte pour 50 % de la qualit\u00e9 de la boisson, la cueillette, le s\u00e9chage, l\u2019entreposage, la s\u00e9lection, la torr\u00e9faction, l\u2019emballage re\u00e7oivent la plus haute attention afin d\u2019offrir un produit final 100 % exceptionnel.<\/p>\t\t\t\t\t\t<\/div>\n\t\t\t\t<\/div>\n\t\t\t\t\t<\/div>\n\t\t<\/div>\n\t\t\t\t\t\t\t<\/div>\n\t\t<\/section>\n\t\t\t\t\t<\/div>\n\t\t<\/div>\n\t\t\t\t\t\t\t<\/div>\n\t\t<\/section>\n\t\t\t\t<section class=\"elementor-section elementor-top-section elementor-element elementor-element-8884ef9 elementor-section-boxed elementor-section-height-default elementor-section-height-default\" data-id=\"8884ef9\" data-element_type=\"section\">\n\t\t\t\t\t\t<div class=\"elementor-container elementor-column-gap-default\">\n\t\t\t\t\t<div class=\"elementor-column elementor-col-100 elementor-top-column elementor-element elementor-element-f0498eb\" data-id=\"f0498eb\" data-element_type=\"column\">\n\t\t\t<div class=\"elementor-widget-wrap elementor-element-populated\">\n\t\t\t\t\t\t\t\t<div class=\"elementor-element elementor-element-3fd7526 elementor-widget__width-auto elementor-absolute elementor-hidden-tablet elementor-hidden-mobile elementor-widget elementor-widget-image\" data-id=\"3fd7526\" data-element_type=\"widget\" data-settings=\"{&quot;_position&quot;:&quot;absolute&quot;}\" data-widget_type=\"image.default\">\n\t\t\t\t<div class=\"elementor-widget-container\">\n\t\t\t<style>\/*! elementor - v3.14.0 - 26-06-2023 *\/\n.elementor-widget-image{text-align:center}.elementor-widget-image a{display:inline-block}.elementor-widget-image a img[src$=\".svg\"]{width:48px}.elementor-widget-image img{vertical-align:middle;display:inline-block}<\/style>\t\t\t\t\t\t\t\t\t\t\t\t<img decoding=\"async\" src=\"https:\/\/orube-coffee.com\/wp-content\/uploads\/elementor\/thumbs\/coffee-2-puuaasig0c93nid6xrl8hcv8frun1o3n1iwaq5oobu.png\" title=\"coffee-2\" alt=\"coffee-2\" loading=\"lazy\" \/>\t\t\t\t\t\t\t\t\t\t\t\t\t\t\t<\/div>\n\t\t\t\t<\/div>\n\t\t\t\t<div class=\"elementor-element elementor-element-bc442a2 elementor-widget elementor-widget-image\" data-id=\"bc442a2\" data-element_type=\"widget\" data-widget_type=\"image.default\">\n\t\t\t\t<div class=\"elementor-widget-container\">\n\t\t\t\t\t\t\t\t\t\t\t\t\t\t\t<img decoding=\"async\" width=\"1536\" height=\"999\" src=\"https:\/\/orube-coffee.com\/wp-content\/uploads\/hero-culture-1536x999.jpg\" class=\"attachment-1536x1536 size-1536x1536 wp-image-369\" alt=\"\" srcset=\"https:\/\/orube-coffee.com\/wp-content\/uploads\/hero-culture-1536x999.jpg 1536w, https:\/\/orube-coffee.com\/wp-content\/uploads\/hero-culture-300x195.jpg 300w, https:\/\/orube-coffee.com\/wp-content\/uploads\/hero-culture-1024x666.jpg 1024w, https:\/\/orube-coffee.com\/wp-content\/uploads\/hero-culture-768x500.jpg 768w, https:\/\/orube-coffee.com\/wp-content\/uploads\/hero-culture-2048x1332.jpg 2048w\" sizes=\"(max-width: 1536px) 100vw, 1536px\" \/>\t\t\t\t\t\t\t\t\t\t\t\t\t\t\t<\/div>\n\t\t\t\t<\/div>\n\t\t\t\t<section class=\"elementor-section elementor-inner-section elementor-element elementor-element-4251141 elementor-section-boxed elementor-section-height-default elementor-section-height-default\" data-id=\"4251141\" data-element_type=\"section\">\n\t\t\t\t\t\t<div class=\"elementor-container elementor-column-gap-default\">\n\t\t\t\t\t<div class=\"elementor-column elementor-col-33 elementor-inner-column elementor-element elementor-element-f7cbe96\" data-id=\"f7cbe96\" data-element_type=\"column\">\n\t\t\t<div class=\"elementor-widget-wrap elementor-element-populated\">\n\t\t\t\t\t\t\t\t<div class=\"elementor-element elementor-element-6564ea4 elementor-widget elementor-widget-text-editor\" data-id=\"6564ea4\" data-element_type=\"widget\" data-widget_type=\"text-editor.default\">\n\t\t\t\t<div class=\"elementor-widget-container\">\n\t\t\t\t\t\t\t<p>La cueillette qui d\u00e9bute normalement vers fin mai est faite \u00e0 la main, grain par grain, ne pr\u00e9levant de la plante que les fruits parfaitement m\u00fbrs avec un taux de sucres aux alentours de 22-25 degr\u00e9s Brix. Cette cueillette s\u00e9lective \u00e9limine les impuret\u00e9s et les fruits d\u00e9fectueux.<\/p><p>Une s\u00e9lection manuelle est ensuite op\u00e9r\u00e9e afin de n\u2019apporter au s\u00e9chage que la cr\u00e8me de la cr\u00e8me de la production.<\/p><p>Le s\u00e9chage est ensuite r\u00e9alis\u00e9 hors sol, c\u2019est-\u00e0-dire \u00e0 l\u2019\u00e9cart de toute contamination et d\u2019humidit\u00e9 intempestive pouvant d\u00e9clencher un ph\u00e9nom\u00e8ne de fermentation non d\u00e9sir\u00e9e. Il se fait sur des tables \u00e9quip\u00e9es de tr\u00e8s fins treillis, sous serres, \u00e0 l\u2019abri des intemp\u00e9ries soudaines pouvant se produire \u00e0 cette \u00e9poque de l\u2019ann\u00e9e.<\/p><p>En outre, les serres sont situ\u00e9es au sein des plantations afin de maintenir les fruits dans leur milieu microbiologique de croissance. Et la nature fait le reste, \u00e0 condition d\u2019accepter d\u2019\u00eatre patient ! Le s\u00e9chage, tr\u00e8s lent, prend plusieurs semaines\u2026<\/p>\t\t\t\t\t\t<\/div>\n\t\t\t\t<\/div>\n\t\t\t\t\t<\/div>\n\t\t<\/div>\n\t\t\t\t<div class=\"elementor-column elementor-col-33 elementor-inner-column elementor-element elementor-element-a037cd0\" data-id=\"a037cd0\" data-element_type=\"column\">\n\t\t\t<div class=\"elementor-widget-wrap\">\n\t\t\t\t\t\t\t\t\t<\/div>\n\t\t<\/div>\n\t\t\t\t<div class=\"elementor-column elementor-col-33 elementor-inner-column elementor-element elementor-element-a6a0790\" data-id=\"a6a0790\" data-element_type=\"column\">\n\t\t\t<div class=\"elementor-widget-wrap\">\n\t\t\t\t\t\t\t\t\t<\/div>\n\t\t<\/div>\n\t\t\t\t\t\t\t<\/div>\n\t\t<\/section>\n\t\t\t\t<section class=\"elementor-section elementor-inner-section elementor-element elementor-element-5fd19d7 elementor-section-boxed elementor-section-height-default elementor-section-height-default\" data-id=\"5fd19d7\" data-element_type=\"section\">\n\t\t\t\t\t\t<div class=\"elementor-container elementor-column-gap-default\">\n\t\t\t\t\t<div class=\"elementor-column elementor-col-33 elementor-inner-column elementor-element elementor-element-e5bae93\" data-id=\"e5bae93\" data-element_type=\"column\">\n\t\t\t<div class=\"elementor-widget-wrap\">\n\t\t\t\t\t\t\t\t\t<\/div>\n\t\t<\/div>\n\t\t\t\t<div class=\"elementor-column elementor-col-33 elementor-inner-column elementor-element elementor-element-34fcbaf\" data-id=\"34fcbaf\" data-element_type=\"column\">\n\t\t\t<div class=\"elementor-widget-wrap\">\n\t\t\t\t\t\t\t\t\t<\/div>\n\t\t<\/div>\n\t\t\t\t<div class=\"elementor-column elementor-col-33 elementor-inner-column elementor-element elementor-element-cfda6de\" data-id=\"cfda6de\" data-element_type=\"column\">\n\t\t\t<div class=\"elementor-widget-wrap elementor-element-populated\">\n\t\t\t\t\t\t\t\t<div class=\"elementor-element elementor-element-442e547 elementor-widget elementor-widget-text-editor\" data-id=\"442e547\" data-element_type=\"widget\" data-widget_type=\"text-editor.default\">\n\t\t\t\t<div class=\"elementor-widget-container\">\n\t\t\t\t\t\t\t<p><span style=\"white-space: pre-wrap;\">La quantit\u00e9 cueillie du jour est s\u00e9ch\u00e9e s\u00e9par\u00e9ment, sans m\u00e9lange, ni des parcelles ni des quantit\u00e9s recueillies les jours pr\u00e9c\u00e9dents.<\/span><\/p><p>Les grains, toujours prot\u00e9g\u00e9s de leur coque, ayant atteint leur degr\u00e9 d\u2019humidit\u00e9 ad\u00e9quat sont ensuite entrepos\u00e9s pour une p\u00e9riode de repos de quelques mois, dans des sacs sp\u00e9ciaux visant \u00e0 les prot\u00e9ger de toute contamination ext\u00e9rieure.<\/p><p>En fonction des demandes, la coque est retir\u00e9e et les grains crus passent par une nouvelle phase de s\u00e9lection en fonction de leur taille, de leur densit\u00e9 et de leur couleur. Cette s\u00e9lection est essentielle afin d\u2019obtenir une boisson la plus homog\u00e8ne possible et de la plus haute qualit\u00e9.<\/p><p>Ces grains crus sont \u00e0 nouveau entrepos\u00e9s dans des sacs sp\u00e9ciaux dont l\u2019objectif est d\u2019emp\u00eacher toute oxydation afin de pr\u00e9server leur qualit\u00e9.<\/p><p>\u00c0 l\u2019heure actuelle, le caf\u00e9 Orube n\u2019est pas torr\u00e9fi\u00e9 sur la propri\u00e9t\u00e9. Nous pr\u00e9f\u00e9rons faire appel \u00e0 des torr\u00e9facteurs de renom, conscients que cette op\u00e9ration est d\u2019une extr\u00eame importance pour rehausser et enrichir toutes les qualit\u00e9s olfactives et gustatives de cette production de terroir.<\/p><p>Vient ensuite l\u2019emballage qui, lui aussi, requiert une exigence sans faille afin que le r\u00e9sultat du travail de toute une ann\u00e9e puisse vous arriver dans son \u00e9crin protecteur id\u00e9al et vous faire d\u00e9couvrir un produit d\u2019excellence, unique et enchanteur, le caf\u00e9 Orube !<\/p>\t\t\t\t\t\t<\/div>\n\t\t\t\t<\/div>\n\t\t\t\t\t<\/div>\n\t\t<\/div>\n\t\t\t\t\t\t\t<\/div>\n\t\t<\/section>\n\t\t\t\t\t<\/div>\n\t\t<\/div>\n\t\t\t\t\t\t\t<\/div>\n\t\t<\/section>\n\t\t\t\t<section class=\"elementor-section elementor-top-section elementor-element elementor-element-6fa3c49a elementor-section-boxed elementor-section-height-default elementor-section-height-default\" data-id=\"6fa3c49a\" data-element_type=\"section\" data-settings=\"{&quot;background_background&quot;:&quot;classic&quot;}\">\n\t\t\t\t\t\t<div class=\"elementor-container elementor-column-gap-default\">\n\t\t\t\t\t<div class=\"elementor-column elementor-col-100 elementor-top-column elementor-element elementor-element-73fce64b\" data-id=\"73fce64b\" data-element_type=\"column\">\n\t\t\t<div class=\"elementor-widget-wrap elementor-element-populated\">\n\t\t\t\t\t\t\t\t<section class=\"elementor-section elementor-inner-section elementor-element elementor-element-73e145a7 elementor-section-boxed elementor-section-height-default elementor-section-height-default\" data-id=\"73e145a7\" data-element_type=\"section\" data-settings=\"{&quot;background_background&quot;:&quot;classic&quot;}\">\n\t\t\t\t\t\t\t<div class=\"elementor-background-overlay\"><\/div>\n\t\t\t\t\t\t\t<div class=\"elementor-container elementor-column-gap-no\">\n\t\t\t\t\t<div class=\"elementor-column elementor-col-33 elementor-inner-column elementor-element elementor-element-2a80801b elementor-hidden-tablet elementor-hidden-mobile\" data-id=\"2a80801b\" data-element_type=\"column\" data-settings=\"{&quot;background_background&quot;:&quot;classic&quot;}\">\n\t\t\t<div class=\"elementor-widget-wrap\">\n\t\t\t\t\t\t\t\t\t<\/div>\n\t\t<\/div>\n\t\t\t\t<div class=\"elementor-column elementor-col-33 elementor-inner-column elementor-element elementor-element-7d99e60\" data-id=\"7d99e60\" data-element_type=\"column\" data-settings=\"{&quot;background_background&quot;:&quot;classic&quot;}\">\n\t\t\t<div class=\"elementor-widget-wrap elementor-element-populated\">\n\t\t\t\t\t\t\t\t<div class=\"elementor-element elementor-element-35408eda elementor-widget elementor-widget-text-editor\" data-id=\"35408eda\" data-element_type=\"widget\" data-widget_type=\"text-editor.default\">\n\t\t\t\t<div class=\"elementor-widget-container\">\n\t\t\t\t\t\t\t<p>Commandez<br \/>votre caf\u00e9<br \/>ORUBE<\/p>\t\t\t\t\t\t<\/div>\n\t\t\t\t<\/div>\n\t\t\t\t<div class=\"elementor-element elementor-element-5b6ba85b elementor-widget elementor-widget-text-editor\" data-id=\"5b6ba85b\" data-element_type=\"widget\" data-widget_type=\"text-editor.default\">\n\t\t\t\t<div class=\"elementor-widget-container\">\n\t\t\t\t\t\t\t<p>Que ce soit pour la premi\u00e8re fois ou que vous fassiez d\u00e9j\u00e0 partie de nos habitu\u00e9s, les commandes en ligne sont trait\u00e9es en priorit\u00e9.<\/p>\t\t\t\t\t\t<\/div>\n\t\t\t\t<\/div>\n\t\t\t\t<div class=\"elementor-element elementor-element-5a33651b elementor-widget elementor-widget-html\" data-id=\"5a33651b\" data-element_type=\"widget\" data-widget_type=\"html.default\">\n\t\t\t\t<div class=\"elementor-widget-container\">\n\t\t\t<div class=\"btn-list-2 btn-list-2--center\">\n    \n    <a href=\"\/acheter-en-ligne\/\" class=\"btn-list-2__el btn btn__primary btn__primary--white\">Acheter en ligne<\/a>\n    \n    <a href=\"\/demandez-votre-echantillon-gratuit\/\" class=\"btn-list-2__el btn btn__secondary btn__secondary--invert\">Go\u00fbter notre caf\u00e9 gratuitement<\/a>\n    \n<\/div>\t\t<\/div>\n\t\t\t\t<\/div>\n\t\t\t\t\t<\/div>\n\t\t<\/div>\n\t\t\t\t<div class=\"elementor-column elementor-col-33 elementor-inner-column elementor-element elementor-element-7b47e679 elementor-hidden-tablet elementor-hidden-mobile\" data-id=\"7b47e679\" data-element_type=\"column\" data-settings=\"{&quot;background_background&quot;:&quot;classic&quot;}\">\n\t\t\t<div class=\"elementor-widget-wrap\">\n\t\t\t\t\t\t\t\t\t<\/div>\n\t\t<\/div>\n\t\t\t\t\t\t\t<\/div>\n\t\t<\/section>\n\t\t\t\t\t<\/div>\n\t\t<\/div>\n\t\t\t\t\t\t\t<\/div>\n\t\t<\/section>\n\t\t\t\t\t\t\t<\/div>\n\t\t","protected":false},"excerpt":{"rendered":"<p>La culture ducaf\u00e9 Orube Un caf\u00e9 de qualit\u00e9 est le fruit d\u2019une culture noble et m\u00e9rite tous les soins apport\u00e9s \u00e0 une production de terroir afin d\u2019offrir aux aficionados du caf\u00e9 une boisson unique et de tr\u00e8s haute qualit\u00e9. Hormis la culture bio, qui compte pour 50 % de la qualit\u00e9 de la boisson, la [&hellip;]<\/p>\n","protected":false},"author":3,"featured_media":0,"parent":0,"menu_order":0,"comment_status":"closed","ping_status":"closed","template":"","meta":{"footnotes":""},"class_list":["post-40","page","type-page","status-publish","hentry"],"yoast_head":"<!-- This site is optimized with the Yoast SEO plugin v20.12 - https:\/\/yoast.com\/wordpress\/plugins\/seo\/ -->\n<title>Culture - Orube Coffee Brazilian Speciality Coffee<\/title>\n<meta name=\"robots\" content=\"index, follow, max-snippet:-1, max-image-preview:large, max-video-preview:-1\" \/>\n<link rel=\"canonical\" href=\"https:\/\/orube-coffee.com\/fr\/culture\/\" \/>\n<meta property=\"og:locale\" content=\"fr_FR\" \/>\n<meta property=\"og:type\" content=\"article\" \/>\n<meta property=\"og:title\" content=\"Culture - Orube Coffee Brazilian Speciality Coffee\" \/>\n<meta property=\"og:description\" content=\"La culture ducaf\u00e9 Orube Un caf\u00e9 de qualit\u00e9 est le fruit d\u2019une culture noble et m\u00e9rite tous les soins apport\u00e9s \u00e0 une production de terroir afin d\u2019offrir aux aficionados du caf\u00e9 une boisson unique et de tr\u00e8s haute qualit\u00e9. Hormis la culture bio, qui compte pour 50 % de la qualit\u00e9 de la boisson, la [&hellip;]\" \/>\n<meta property=\"og:url\" content=\"https:\/\/orube-coffee.com\/fr\/culture\/\" \/>\n<meta property=\"og:site_name\" content=\"Orube Coffee Brazilian Speciality Coffee\" \/>\n<meta property=\"article:modified_time\" content=\"2022-10-07T12:28:13+00:00\" \/>\n<meta property=\"og:image\" content=\"https:\/\/orube-coffee.com\/wp-content\/uploads\/elementor\/thumbs\/coffee-2-puuaasig0c93nid6xrl8hcv8frun1o3n1iwaq5oobu.png\" \/>\n<meta name=\"twitter:card\" content=\"summary_large_image\" \/>\n<meta name=\"twitter:label1\" content=\"Dur\u00e9e de lecture estim\u00e9e\" \/>\n\t<meta name=\"twitter:data1\" content=\"3 minutes\" \/>\n<script type=\"application\/ld+json\" class=\"yoast-schema-graph\">{\"@context\":\"https:\/\/schema.org\",\"@graph\":[{\"@type\":\"WebPage\",\"@id\":\"https:\/\/orube-coffee.com\/fr\/culture\/\",\"url\":\"https:\/\/orube-coffee.com\/fr\/culture\/\",\"name\":\"Culture - Orube Coffee Brazilian Speciality Coffee\",\"isPartOf\":{\"@id\":\"https:\/\/orube-coffee.com\/fr\/#website\"},\"datePublished\":\"2022-09-14T12:48:06+00:00\",\"dateModified\":\"2022-10-07T12:28:13+00:00\",\"breadcrumb\":{\"@id\":\"https:\/\/orube-coffee.com\/fr\/culture\/#breadcrumb\"},\"inLanguage\":\"fr-FR\",\"potentialAction\":[{\"@type\":\"ReadAction\",\"target\":[\"https:\/\/orube-coffee.com\/fr\/culture\/\"]}]},{\"@type\":\"BreadcrumbList\",\"@id\":\"https:\/\/orube-coffee.com\/fr\/culture\/#breadcrumb\",\"itemListElement\":[{\"@type\":\"ListItem\",\"position\":1,\"name\":\"Home\",\"item\":\"https:\/\/orube-coffee.com\/fr\/\"},{\"@type\":\"ListItem\",\"position\":2,\"name\":\"Culture\"}]},{\"@type\":\"WebSite\",\"@id\":\"https:\/\/orube-coffee.com\/fr\/#website\",\"url\":\"https:\/\/orube-coffee.com\/fr\/\",\"name\":\"Orube Coffee Brazilian Speciality Coffee\",\"description\":\"Just another WordPress site\",\"publisher\":{\"@id\":\"https:\/\/orube-coffee.com\/fr\/#organization\"},\"potentialAction\":[{\"@type\":\"SearchAction\",\"target\":{\"@type\":\"EntryPoint\",\"urlTemplate\":\"https:\/\/orube-coffee.com\/fr\/?s={search_term_string}\"},\"query-input\":\"required name=search_term_string\"}],\"inLanguage\":\"fr-FR\"},{\"@type\":\"Organization\",\"@id\":\"https:\/\/orube-coffee.com\/fr\/#organization\",\"name\":\"Orube Coffee Brazilian Speciality Coffee\",\"url\":\"https:\/\/orube-coffee.com\/fr\/\",\"logo\":{\"@type\":\"ImageObject\",\"inLanguage\":\"fr-FR\",\"@id\":\"https:\/\/orube-coffee.com\/fr\/#\/schema\/logo\/image\/\",\"url\":\"https:\/\/orube-coffee.com\/wp-content\/uploads\/cropped-Orube-logo-website.png\",\"contentUrl\":\"https:\/\/orube-coffee.com\/wp-content\/uploads\/cropped-Orube-logo-website.png\",\"width\":638,\"height\":200,\"caption\":\"Orube Coffee Brazilian Speciality Coffee\"},\"image\":{\"@id\":\"https:\/\/orube-coffee.com\/fr\/#\/schema\/logo\/image\/\"}}]}<\/script>\n<!-- \/ Yoast SEO plugin. -->","yoast_head_json":{"title":"Culture - Orube Coffee Brazilian Speciality Coffee","robots":{"index":"index","follow":"follow","max-snippet":"max-snippet:-1","max-image-preview":"max-image-preview:large","max-video-preview":"max-video-preview:-1"},"canonical":"https:\/\/orube-coffee.com\/fr\/culture\/","og_locale":"fr_FR","og_type":"article","og_title":"Culture - Orube Coffee Brazilian Speciality Coffee","og_description":"La culture ducaf\u00e9 Orube Un caf\u00e9 de qualit\u00e9 est le fruit d\u2019une culture noble et m\u00e9rite tous les soins apport\u00e9s \u00e0 une production de terroir afin d\u2019offrir aux aficionados du caf\u00e9 une boisson unique et de tr\u00e8s haute qualit\u00e9. Hormis la culture bio, qui compte pour 50 % de la qualit\u00e9 de la boisson, la [&hellip;]","og_url":"https:\/\/orube-coffee.com\/fr\/culture\/","og_site_name":"Orube Coffee Brazilian Speciality Coffee","article_modified_time":"2022-10-07T12:28:13+00:00","og_image":[{"url":"https:\/\/orube-coffee.com\/wp-content\/uploads\/elementor\/thumbs\/coffee-2-puuaasig0c93nid6xrl8hcv8frun1o3n1iwaq5oobu.png"}],"twitter_card":"summary_large_image","twitter_misc":{"Dur\u00e9e de lecture estim\u00e9e":"3 minutes"},"schema":{"@context":"https:\/\/schema.org","@graph":[{"@type":"WebPage","@id":"https:\/\/orube-coffee.com\/fr\/culture\/","url":"https:\/\/orube-coffee.com\/fr\/culture\/","name":"Culture - Orube Coffee Brazilian Speciality Coffee","isPartOf":{"@id":"https:\/\/orube-coffee.com\/fr\/#website"},"datePublished":"2022-09-14T12:48:06+00:00","dateModified":"2022-10-07T12:28:13+00:00","breadcrumb":{"@id":"https:\/\/orube-coffee.com\/fr\/culture\/#breadcrumb"},"inLanguage":"fr-FR","potentialAction":[{"@type":"ReadAction","target":["https:\/\/orube-coffee.com\/fr\/culture\/"]}]},{"@type":"BreadcrumbList","@id":"https:\/\/orube-coffee.com\/fr\/culture\/#breadcrumb","itemListElement":[{"@type":"ListItem","position":1,"name":"Home","item":"https:\/\/orube-coffee.com\/fr\/"},{"@type":"ListItem","position":2,"name":"Culture"}]},{"@type":"WebSite","@id":"https:\/\/orube-coffee.com\/fr\/#website","url":"https:\/\/orube-coffee.com\/fr\/","name":"Orube Coffee Brazilian Speciality Coffee","description":"Just another WordPress site","publisher":{"@id":"https:\/\/orube-coffee.com\/fr\/#organization"},"potentialAction":[{"@type":"SearchAction","target":{"@type":"EntryPoint","urlTemplate":"https:\/\/orube-coffee.com\/fr\/?s={search_term_string}"},"query-input":"required name=search_term_string"}],"inLanguage":"fr-FR"},{"@type":"Organization","@id":"https:\/\/orube-coffee.com\/fr\/#organization","name":"Orube Coffee Brazilian Speciality Coffee","url":"https:\/\/orube-coffee.com\/fr\/","logo":{"@type":"ImageObject","inLanguage":"fr-FR","@id":"https:\/\/orube-coffee.com\/fr\/#\/schema\/logo\/image\/","url":"https:\/\/orube-coffee.com\/wp-content\/uploads\/cropped-Orube-logo-website.png","contentUrl":"https:\/\/orube-coffee.com\/wp-content\/uploads\/cropped-Orube-logo-website.png","width":638,"height":200,"caption":"Orube Coffee Brazilian Speciality Coffee"},"image":{"@id":"https:\/\/orube-coffee.com\/fr\/#\/schema\/logo\/image\/"}}]}},"_links":{"self":[{"href":"https:\/\/orube-coffee.com\/fr\/wp-json\/wp\/v2\/pages\/40","targetHints":{"allow":["GET"]}}],"collection":[{"href":"https:\/\/orube-coffee.com\/fr\/wp-json\/wp\/v2\/pages"}],"about":[{"href":"https:\/\/orube-coffee.com\/fr\/wp-json\/wp\/v2\/types\/page"}],"author":[{"embeddable":true,"href":"https:\/\/orube-coffee.com\/fr\/wp-json\/wp\/v2\/users\/3"}],"replies":[{"embeddable":true,"href":"https:\/\/orube-coffee.com\/fr\/wp-json\/wp\/v2\/comments?post=40"}],"version-history":[{"count":67,"href":"https:\/\/orube-coffee.com\/fr\/wp-json\/wp\/v2\/pages\/40\/revisions"}],"predecessor-version":[{"id":698,"href":"https:\/\/orube-coffee.com\/fr\/wp-json\/wp\/v2\/pages\/40\/revisions\/698"}],"wp:attachment":[{"href":"https:\/\/orube-coffee.com\/fr\/wp-json\/wp\/v2\/media?parent=40"}],"curies":[{"name":"wp","href":"https:\/\/api.w.org\/{rel}","templated":true}]}}